{"id":32,"date":"2023-07-11T09:14:49","date_gmt":"2023-07-11T09:14:49","guid":{"rendered":"https:\/\/qtal.institute\/home\/"},"modified":"2024-02-15T15:22:09","modified_gmt":"2024-02-15T15:22:09","slug":"home","status":"publish","type":"page","link":"https:\/\/qtal.institute\/sq\/","title":{"rendered":"Kreu"},"content":{"rendered":"<div class=\"wp-block-uagb-container uagb-block-6cc4f6e0 alignfull uagb-is-root-container\"><div class=\"uagb-container-inner-blocks-wrap\">\n<div class=\"wp-block-uagb-info-box uagb-block-fd971502 uagb-infobox__content-wrap  uagb-infobox-icon-above-title uagb-infobox-image-valign-top\"><div class=\"uagb-ifb-content\"><div class=\"uagb-ifb-title-wrap\"><h1 class=\"uagb-ifb-title\">Ruajtja e Tradit\u00ebs dhe Trash\u00ebgimis\u00eb Kulturore Shqiptare p\u00ebrmes Artit dhe Librave<\/h1><\/div><div class=\"uagb-ifb-button-wrapper wp-block-button\"><a href=\"\/sq\/contact\/\" class=\"uagb-infobox-cta-link wp-block-button__link\" target=\"_self\" rel=\"noopener noreferrer\" onclick=\"return true;\" alt=\"\"><span class=\"uagb-inline-editing\">Zbuloni m\u00eb shum\u00eb<\/span><\/a><\/div><\/div><\/div>\n<\/div><\/div>\n\n\n\n<div class=\"wp-block-uagb-container uagb-block-8991fd1d alignfull uagb-is-root-container\"><div class=\"uagb-container-inner-blocks-wrap\">\n<div class=\"wp-block-uagb-container uagb-block-2408ceb5\">\n<div class=\"wp-block-uagb-advanced-heading uagb-block-1f1ddf81\"><h6 class=\"uagb-heading-text\">Rreth nesh<\/h6><\/div>\n\n\n\n<div class=\"wp-block-uagb-info-box uagb-block-fcdaf84b uagb-infobox__content-wrap  uagb-infobox-icon-above-title uagb-infobox-image-valign-top\"><div class=\"uagb-ifb-content\"><div class=\"uagb-ifb-title-wrap\"><h3 class=\"uagb-ifb-title\">M\u00ebsoni m\u00eb shum\u00eb rreth Misionit Ton\u00eb me Q\u00ebllim Ruajtjen e Trash\u00ebgimis\u00eb Kulturore<\/h3><\/div><p class=\"uagb-ifb-desc\">Qendra Tradit\u00eb Art Libra (QTAL) i p\u00ebrkushtohet ruajtjes dhe promovimit t\u00eb tradit\u00ebs, kultur\u00ebs dhe let\u00ebrsis\u00eb shqiptare. Ne gjithashtu p\u00ebrpiqemi t\u00eb edukojm\u00eb t\u00eb rinjt\u00eb, p\u00ebr nj\u00eb t\u00eb ardhme m\u00eb t\u00eb mir\u00eb.<\/p><div class=\"uagb-ifb-button-wrapper wp-block-button\"><a href=\"\/sq\/about\/\" class=\"uagb-infobox-cta-link wp-block-button__link\" target=\"_self\" rel=\"noopener noreferrer\" onclick=\"return true;\" alt=\"\"><span class=\"uagb-inline-editing\">Lexoni m\u00eb shum\u00eb<\/span><\/a><\/div><\/div><\/div>\n<\/div>\n\n\n\n<div class=\"wp-block-uagb-container uagb-block-3bf03bc7\"><\/div>\n<\/div><\/div>\n\n\n\n<div class=\"wp-block-uagb-container uagb-block-e6e6d851 alignfull uagb-is-root-container\"><div class=\"uagb-container-inner-blocks-wrap\">\n<div class=\"wp-block-uagb-advanced-heading uagb-block-3b091333\"><h6 class=\"uagb-heading-text\">Vlerat tona<\/h6><\/div>\n\n\n\n<div class=\"wp-block-uagb-advanced-heading uagb-block-a6f1d4b3\"><h2 class=\"uagb-heading-text\">Vlerat Tona Thelb\u00ebsore<\/h2><\/div>\n\n\n\n<div class=\"wp-block-uagb-container uagb-block-6b367eef\">\n<div class=\"wp-block-uagb-container uagb-block-5c5538b0\">\n<div class=\"wp-block-uagb-advanced-heading uagb-block-a473dcee\"><h6 class=\"uagb-heading-text\">01<\/h6><\/div>\n\n\n\n<div class=\"wp-block-uagb-advanced-heading uagb-block-bb9aad66\"><h4 class=\"uagb-heading-text\">Ruajtja e Trash\u00ebgimis\u00eb<\/h4><p class=\"uagb-desc-text\">Ne jemi t\u00eb p\u00ebrkushtuar p\u00ebr t\u00eb ruajtur dhe promovuar trash\u00ebgimin\u00eb e pasur kulturore t\u00eb Shqip\u00ebris\u00eb.<\/p><\/div>\n<\/div>\n\n\n\n<div class=\"wp-block-uagb-container uagb-block-ef05aae7\">\n<div class=\"wp-block-uagb-advanced-heading uagb-block-ffd68fa3\"><h6 class=\"uagb-heading-text\">02<\/h6><\/div>\n\n\n\n<div class=\"wp-block-uagb-advanced-heading uagb-block-c3cbe922\"><h4 class=\"uagb-heading-text\">Promovim Artistik<\/h4><p class=\"uagb-desc-text\">Ne p\u00ebrpiqemi t\u00eb mb\u00ebshtesim artist\u00ebt vendas dhe ta promovojm\u00eb pun\u00ebn e tyre ndaj nj\u00eb audience bot\u00ebrore.<\/p><\/div>\n<\/div>\n\n\n\n<div class=\"wp-block-uagb-container uagb-block-a6445071\">\n<div class=\"wp-block-uagb-advanced-heading uagb-block-578db1c2\"><h6 class=\"uagb-heading-text\">03<\/h6><\/div>\n\n\n\n<div class=\"wp-block-uagb-advanced-heading uagb-block-cf208b95\"><h4 class=\"uagb-heading-text\">P\u00ebrsosm\u00ebri Letrare<\/h4><p class=\"uagb-desc-text\">Ne synojm\u00eb t\u00eb nxjerrim n\u00eb pah autor\u00ebt dhe librat shqiptar\u00eb, duke nxitur dashurin\u00eb p\u00ebr let\u00ebrsin\u00eb n\u00eb komunitetin ton\u00eb.<\/p><\/div>\n<\/div>\n<\/div>\n<\/div><\/div>\n\n\n\n<div class=\"wp-block-uagb-container uagb-block-03c421a9 alignfull uagb-is-root-container\"><div class=\"uagb-container-inner-blocks-wrap\">\n<div class=\"wp-block-uagb-advanced-heading uagb-block-5a5421b0\"><h6 class=\"uagb-heading-text\">Bashkohuni me ne n\u00eb<\/h6><\/div>\n\n\n\n<div class=\"wp-block-uagb-info-box uagb-block-ad44d917 uagb-infobox__content-wrap  uagb-infobox-icon-above-title uagb-infobox-image-valign-top\"><div class=\"uagb-ifb-content\"><div class=\"uagb-ifb-title-wrap\"><h2 class=\"uagb-ifb-title\">Misionin Ton\u00eb p\u00ebr t\u00eb Ruajtur Kultur\u00ebn Shqiptare dhe p\u00ebr t\u00eb Edukuar Brezat e Ardhsh\u00ebm<\/h2><\/div><div class=\"uagb-ifb-button-wrapper wp-block-button\"><a href=\"\/sq\/contact\/\" class=\"uagb-infobox-cta-link wp-block-button__link\" target=\"_self\" rel=\"noopener noreferrer\" onclick=\"return true;\" alt=\"\"><span class=\"uagb-inline-editing\">Zbuloni m\u00eb shum\u00eb<\/span><\/a><\/div><\/div><\/div>\n<\/div><\/div>\n\n\n\n<div class=\"wp-block-uagb-container uagb-block-1ccc090b alignfull uagb-is-root-container\"><div class=\"uagb-container-inner-blocks-wrap\">\n<div class=\"wp-block-uagb-container uagb-block-ed7d9405\">\n<div class=\"wp-block-uagb-container uagb-block-b81f27a5\">\n<div class=\"wp-block-uagb-advanced-heading uagb-block-a17db4e0\"><h6 class=\"uagb-heading-text\">Pse duhet t\u00eb zgjidhni QTAL?<\/h6><\/div>\n\n\n\n<div class=\"wp-block-uagb-advanced-heading uagb-block-3107a67a\"><h2 class=\"uagb-heading-text\">Vlerat Tona Dalluese<\/h2><p class=\"uagb-desc-text\">Zbuloni se \u00e7far\u00eb na dallon nga t\u00eb tjer\u00ebt dhe si mund t\u00eb b\u00ebjm\u00eb nj\u00eb ndryshim n\u00eb ruajtjen e tradit\u00ebs Shqiptare dhe promovimin e artit dhe let\u00ebrsis\u00eb.<\/p><\/div>\n<\/div>\n\n\n\n<div class=\"wp-block-uagb-container uagb-block-bc3457b4\">\n<div class=\"wp-block-uagb-advanced-heading uagb-block-133cb30a\"><h4 class=\"uagb-heading-text\">Ruajtja e Trash\u00ebgimis\u00eb Kulturore<\/h4><p class=\"uagb-desc-text\">Ne jemi t\u00eb p\u00ebrkushtuar p\u00ebr t\u00eb mbrojtur dhe promovuar trash\u00ebgimin\u00eb e pasur kulturore t\u00eb Shqip\u00ebris\u00eb p\u00ebr brezat q\u00eb do t\u00eb vijn\u00eb.<\/p><\/div>\n\n\n\n<div class=\"wp-block-uagb-advanced-heading uagb-block-25eda0e9\"><div class=\"uagb-separator\"><\/div><h4 class=\"uagb-heading-text\">Iniciativat p\u00ebr Edukimin e t\u00eb Rinjve<\/h4><p class=\"uagb-desc-text\">Ne kemi p\u00ebr q\u00ebllim t\u00eb mb\u00ebshtesim dhe edukojm\u00eb t\u00eb rinjt\u00eb p\u00ebrmes projekteve dhe nismave t\u00eb ndryshme q\u00eb nxisin vler\u00ebsimin kulturor.<\/p><\/div>\n\n\n\n<div class=\"wp-block-uagb-advanced-heading uagb-block-25942a53\"><div class=\"uagb-separator\"><\/div><h4 class=\"uagb-heading-text\">Mb\u00ebshtetja e Inovacionit Artistik<\/h4><p class=\"uagb-desc-text\">Ne mb\u00ebshtesim artist\u00ebt vendas dhe promovojm\u00eb veprat e tyre, duke nxitur inovacionin dhe krijimtarin\u00eb artistike brenda komunitetit ton\u00eb.<\/p><\/div>\n<\/div>\n<\/div>\n<\/div><\/div>\n\n\n\n<div class=\"wp-block-uagb-container uagb-block-ce5ee59e alignfull uagb-is-root-container\"><div class=\"uagb-container-inner-blocks-wrap\">\n<div class=\"wp-block-uagb-advanced-heading uagb-block-f9bf445f\"><h2 class=\"uagb-heading-text\">\u00c7far\u00eb Thon\u00eb Mb\u00ebshtet\u00ebsit Tan\u00eb<\/h2><\/div>\n\n\n\n<div class=\"wp-block-uagb-container uagb-block-9f4e8186\">\n<div class=\"wp-block-uagb-container uagb-block-7d858c51\">\n<div class=\"wp-block-uagb-info-box uagb-block-ae694580 uagb-infobox__content-wrap  uagb-infobox-icon-above-title uagb-infobox-image-valign-top\"><div class=\"uagb-ifb-content\"><div class=\"uagb-ifb-icon-wrap\"><svg xmlns=\"https:\/\/www.w3.org\/2000\/svg\" viewbox=\"0 0 448 512\"><path d=\"M96 224C84.72 224 74.05 226.3 64 229.9V224c0-35.3 28.7-64 64-64c17.67 0 32-14.33 32-32S145.7 96 128 96C57.42 96 0 153.4 0 224v96c0 53.02 42.98 96 96 96s96-42.98 96-96S149 224 96 224zM352 224c-11.28 0-21.95 2.305-32 5.879V224c0-35.3 28.7-64 64-64c17.67 0 32-14.33 32-32s-14.33-32-32-32c-70.58 0-128 57.42-128 128v96c0 53.02 42.98 96 96 96s96-42.98 96-96S405 224 352 224z\"><\/path><\/svg><\/div><div class=\"uagb-ifb-title-wrap\"><\/div><p class=\"uagb-ifb-desc\">Dedikimi i QTAL p\u00ebr ruajtjen e trash\u00ebgimis\u00eb kulutore Shqiptare p\u00ebrmes artit dhe librave ka pasuruar peizazhin ton\u00eb kulturor. Nj\u00eb organizat\u00eb v\u00ebrtet frym\u00ebzuese.<\/p><\/div><\/div>\n\n\n\n<div class=\"wp-block-uagb-info-box uagb-block-c836f750 uagb-infobox__content-wrap  uagb-infobox-icon-above-title uagb-infobox-image-valign-top\"><div class=\"uagb-ifb-content\"><div class=\"uagb-ifb-title-wrap\"><\/div><p class=\"uagb-ifb-desc\">\u2013 E. Gashi<\/p><\/div><\/div>\n<\/div>\n\n\n\n<div class=\"wp-block-uagb-container uagb-block-0b88f01a\">\n<div class=\"wp-block-uagb-info-box uagb-block-8b6b8ea1 uagb-infobox__content-wrap  uagb-infobox-icon-above-title uagb-infobox-image-valign-top\"><div class=\"uagb-ifb-content\"><div class=\"uagb-ifb-icon-wrap\"><svg xmlns=\"https:\/\/www.w3.org\/2000\/svg\" viewbox=\"0 0 448 512\"><path d=\"M96 224C84.72 224 74.05 226.3 64 229.9V224c0-35.3 28.7-64 64-64c17.67 0 32-14.33 32-32S145.7 96 128 96C57.42 96 0 153.4 0 224v96c0 53.02 42.98 96 96 96s96-42.98 96-96S149 224 96 224zM352 224c-11.28 0-21.95 2.305-32 5.879V224c0-35.3 28.7-64 64-64c17.67 0 32-14.33 32-32s-14.33-32-32-32c-70.58 0-128 57.42-128 128v96c0 53.02 42.98 96 96 96s96-42.98 96-96S405 224 352 224z\"><\/path><\/svg><\/div><div class=\"uagb-ifb-title-wrap\"><\/div><p class=\"uagb-ifb-desc\">Si nj\u00eb mb\u00ebshtet\u00ebs i pal\u00ebkundur, e kam par\u00eb QTAL t\u00eb mbroj\u00eb pa u lodhur thelbin e trash\u00ebgimis\u00eb son\u00eb, duke u siguruar q\u00eb bukuria dhe men\u00e7uria e traditave tona t\u00eb mos humbasin me kalimin e koh\u00ebs. P\u00ebrkushtimi i QTAL p\u00ebr t\u00eb ushqyer vazhdim\u00ebsin\u00eb kulturore p\u00ebrmes let\u00ebrsis\u00eb dhe artit \u00ebsht\u00eb v\u00ebrtet i lavd\u00ebruesh\u00ebm.<\/p><\/div><\/div>\n\n\n\n<div class=\"wp-block-uagb-info-box uagb-block-9b106f6a uagb-infobox__content-wrap  uagb-infobox-icon-above-title uagb-infobox-image-valign-top\"><div class=\"uagb-ifb-content\"><div class=\"uagb-ifb-title-wrap\"><\/div><p class=\"uagb-ifb-desc\">\u2013 L. Bardha<\/p><\/div><\/div>\n<\/div>\n\n\n\n<div class=\"wp-block-uagb-container uagb-block-82c76d16\">\n<div class=\"wp-block-uagb-info-box uagb-block-72162d9b uagb-infobox__content-wrap  uagb-infobox-icon-above-title uagb-infobox-image-valign-top\"><div class=\"uagb-ifb-content\"><div class=\"uagb-ifb-icon-wrap\"><svg xmlns=\"https:\/\/www.w3.org\/2000\/svg\" viewbox=\"0 0 448 512\"><path d=\"M96 224C84.72 224 74.05 226.3 64 229.9V224c0-35.3 28.7-64 64-64c17.67 0 32-14.33 32-32S145.7 96 128 96C57.42 96 0 153.4 0 224v96c0 53.02 42.98 96 96 96s96-42.98 96-96S149 224 96 224zM352 224c-11.28 0-21.95 2.305-32 5.879V224c0-35.3 28.7-64 64-64c17.67 0 32-14.33 32-32s-14.33-32-32-32c-70.58 0-128 57.42-128 128v96c0 53.02 42.98 96 96 96s96-42.98 96-96S405 224 352 224z\"><\/path><\/svg><\/div><div class=\"uagb-ifb-title-wrap\"><\/div><p class=\"uagb-ifb-desc\">Un\u00eb kam d\u00ebshmuar drejtp\u00ebrdrejt ndikimin e projekteve t\u00eb QTAL n\u00eb komunitetin vendas. P\u00ebrkushtimi i tyre p\u00ebr ruajtjen e kultur\u00ebs \u00ebsht\u00eb i lavd\u00ebruesh\u00ebm.<\/p><\/div><\/div>\n\n\n\n<div class=\"wp-block-uagb-info-box uagb-block-1109a9f7 uagb-infobox__content-wrap  uagb-infobox-icon-above-title uagb-infobox-image-valign-top\"><div class=\"uagb-ifb-content\"><div class=\"uagb-ifb-title-wrap\"><\/div><p class=\"uagb-ifb-desc\">\u2013 V. Hoxha<\/p><\/div><\/div>\n<\/div>\n<\/div>\n<\/div><\/div>\n\n\n\n<div class=\"wp-block-uagb-container uagb-block-0d6e6fa5 alignfull uagb-is-root-container\"><div class=\"uagb-container-inner-blocks-wrap\">\n<div class=\"wp-block-uagb-advanced-heading uagb-block-b6d5ed16\"><h6 class=\"uagb-heading-text\">Q\u00ebndroni t\u00eb lidhur me ne<\/h6><\/div>\n\n\n\n<div class=\"wp-block-uagb-info-box uagb-block-a3aa2356 uagb-infobox__content-wrap  uagb-infobox-icon-above-title uagb-infobox-image-valign-top\"><div class=\"uagb-ifb-content\"><div class=\"uagb-ifb-title-wrap\"><h2 class=\"uagb-ifb-title\">Bashkohuni Misionin Ton\u00eb me Q\u00ebllim Ruajtjen e Kultur\u00ebs dhe Edukimit<\/h2><\/div><div class=\"uagb-ifb-button-wrapper wp-block-button\"><a href=\"\/sq\/contact\/\" class=\"uagb-infobox-cta-link wp-block-button__link\" target=\"_self\" rel=\"noopener noreferrer\" onclick=\"return true;\" alt=\"\"><span class=\"uagb-inline-editing\">Zbuloni m\u00eb shum\u00eb<\/span><\/a><\/div><\/div><\/div>\n<\/div><\/div>","protected":false},"excerpt":{"rendered":"<p>About us Our values Our Core Values 01 Heritage Preservation We are committed to safeguarding and promoting Albania&#8217;s rich cultural heritage. 02 Artistic Promotion We strive to support and promote local artists and their work to a global audience. 03 Literary Excellence We aim to highlight Albanian authors and books, fostering a love for literature [&hellip;]<\/p>\n","protected":false},"author":1,"featured_media":0,"parent":0,"menu_order":0,"comment_status":"closed","ping_status":"closed","template":"","meta":{"_uag_custom_page_level_css":"","site-sidebar-layout":"no-sidebar","site-content-layout":"page-builder","ast-site-content-layout":"full-width-container","site-content-style":"unboxed","site-sidebar-style":"unboxed","ast-global-header-display":"","ast-banner-title-visibility":"","ast-main-header-display":"","ast-hfb-above-header-display":"","ast-hfb-below-header-display":"","ast-hfb-mobile-header-display":"","site-post-title":"disabled","ast-breadcrumbs-content":"","ast-featured-img":"","footer-sml-layout":"","ast-disable-related-posts":"","theme-transparent-header-meta":"enabled","adv-header-id-meta":"","stick-header-meta":"","header-above-stick-meta":"","header-main-stick-meta":"","header-below-stick-meta":"","astra-migrate-meta-layouts":"set","ast-page-background-enabled":"default","ast-page-background-meta":{"desktop":{"background-color":"var(--ast-global-color-4)","background-image":"","background-repeat":"repeat","background-position":"center center","background-size":"auto","background-attachment":"scroll","background-type":"","background-media":"","overlay-type":"","overlay-color":"","overlay-opacity":"","overlay-gradient":""},"tablet":{"background-color":"","background-image":"","background-repeat":"repeat","background-position":"center center","background-size":"auto","background-attachment":"scroll","background-type":"","background-media":"","overlay-type":"","overlay-color":"","overlay-opacity":"","overlay-gradient":""},"mobile":{"background-color":"","background-image":"","background-repeat":"repeat","background-position":"center center","background-size":"auto","background-attachment":"scroll","background-type":"","background-media":"","overlay-type":"","overlay-color":"","overlay-opacity":"","overlay-gradient":""}},"ast-content-background-meta":{"desktop":{"background-color":"var(--ast-global-color-5)","background-image":"","background-repeat":"repeat","background-position":"center center","background-size":"auto","background-attachment":"scroll","background-type":"","background-media":"","overlay-type":"","overlay-color":"","overlay-opacity":"","overlay-gradient":""},"tablet":{"background-color":"var(--ast-global-color-5)","background-image":"","background-repeat":"repeat","background-position":"center center","background-size":"auto","background-attachment":"scroll","background-type":"","background-media":"","overlay-type":"","overlay-color":"","overlay-opacity":"","overlay-gradient":""},"mobile":{"background-color":"var(--ast-global-color-5)","background-image":"","background-repeat":"repeat","background-position":"center center","background-size":"auto","background-attachment":"scroll","background-type":"","background-media":"","overlay-type":"","overlay-color":"","overlay-opacity":"","overlay-gradient":""}},"footnotes":""},"class_list":["post-32","page","type-page","status-publish","hentry"],"uagb_featured_image_src":{"full":false,"thumbnail":false,"medium":false,"medium_large":false,"large":false,"1536x1536":false,"2048x2048":false,"trp-custom-language-flag":false},"uagb_author_info":{"display_name":"qtal","author_link":"https:\/\/qtal.institute\/sq\/author\/qtal\/"},"uagb_comment_info":0,"uagb_excerpt":"About us Our values Our Core Values 01 Heritage Preservation We are committed to safeguarding and promoting Albania&#8217;s rich cultural heritage. 02 Artistic Promotion We strive to support and promote local artists and their work to a global audience. 03 Literary Excellence We aim to highlight Albanian authors and books, fostering a love for literature&hellip;","_links":{"self":[{"href":"https:\/\/qtal.institute\/sq\/wp-json\/wp\/v2\/pages\/32","targetHints":{"allow":["GET"]}}],"collection":[{"href":"https:\/\/qtal.institute\/sq\/wp-json\/wp\/v2\/pages"}],"about":[{"href":"https:\/\/qtal.institute\/sq\/wp-json\/wp\/v2\/types\/page"}],"author":[{"embeddable":true,"href":"https:\/\/qtal.institute\/sq\/wp-json\/wp\/v2\/users\/1"}],"replies":[{"embeddable":true,"href":"https:\/\/qtal.institute\/sq\/wp-json\/wp\/v2\/comments?post=32"}],"version-history":[{"count":6,"href":"https:\/\/qtal.institute\/sq\/wp-json\/wp\/v2\/pages\/32\/revisions"}],"predecessor-version":[{"id":1488,"href":"https:\/\/qtal.institute\/sq\/wp-json\/wp\/v2\/pages\/32\/revisions\/1488"}],"wp:attachment":[{"href":"https:\/\/qtal.institute\/sq\/wp-json\/wp\/v2\/media?parent=32"}],"curies":[{"name":"wp","href":"https:\/\/api.w.org\/{rel}","templated":true}]}}