{"id":34,"date":"2023-07-11T09:14:49","date_gmt":"2023-07-11T09:14:49","guid":{"rendered":"https:\/\/qtal.institute\/about\/"},"modified":"2024-02-13T21:27:29","modified_gmt":"2024-02-13T21:27:29","slug":"about","status":"publish","type":"page","link":"https:\/\/qtal.institute\/sq\/about\/","title":{"rendered":"Rreth nesh"},"content":{"rendered":"<div class=\"wp-block-uagb-container uagb-block-c53a128d alignfull uagb-is-root-container\"><div class=\"uagb-container-inner-blocks-wrap\">\n<div class=\"wp-block-uagb-advanced-heading uagb-block-2e3356f0\"><h6 class=\"uagb-heading-text\">Rreth nesh<\/h6><\/div>\n\n\n\n<div class=\"wp-block-uagb-advanced-heading uagb-block-07ad1730\"><h1 class=\"uagb-heading-text\">T\u00eb P\u00ebrkushtuar p\u00ebr t\u00eb Ruajtur Tradit\u00ebn Kulturore Shqiptare p\u00ebrmes Artit dhe Let\u00ebrsis\u00eb<\/h1><\/div>\n<\/div><\/div>\n\n\n\n<div class=\"wp-block-uagb-container uagb-block-ceb3470e alignfull uagb-is-root-container\"><div class=\"uagb-container-inner-blocks-wrap\">\n<div class=\"wp-block-uagb-container uagb-block-6f6de066\">\n<div class=\"wp-block-uagb-container uagb-block-365025ce\">\n<div class=\"wp-block-uagb-advanced-heading uagb-block-dca15114\"><h6 class=\"uagb-heading-text\">Historia Jon\u00eb<\/h6><\/div>\n\n\n\n<div class=\"wp-block-uagb-advanced-heading uagb-block-5918da1b\"><h3 class=\"uagb-heading-text\">M\u00ebsoni m\u00eb shum\u00eb rreth Misionit Ton\u00eb me Q\u00ebllim Ruajtjen e Trash\u00ebgimis\u00eb Kulturore<\/h3><\/div>\n<\/div>\n\n\n\n<div class=\"wp-block-uagb-container uagb-block-88b3d618\">\n<div class=\"wp-block-uagb-advanced-heading uagb-block-3fbe9bdd\"><h5 class=\"uagb-heading-text\">Qendra Tradit\u00eb Art Libra (QTAL) \u00ebsht\u00eb nj\u00eb OJF shqiptare, e themeluar n\u00eb shkurt 2019, e p\u00ebrkushtuar p\u00ebr ruajtjen dhe promovimin e trash\u00ebgimis\u00eb kulturore, tradit\u00ebs, artit dhe let\u00ebrsis\u00eb n\u00eb Shqip\u00ebri.<\/h5><p class=\"uagb-desc-text\">QTAL ka p\u00ebrfunduar projekte me organizata nd\u00ebrkomb\u00ebtare, ambasada, bashki t\u00eb ndryshme, institucione private dhe kompani.<\/p><\/div>\n<\/div>\n<\/div>\n<\/div><\/div>\n\n\n\n<div class=\"wp-block-uagb-container uagb-block-e40412f9 alignfull uagb-is-root-container\"><div class=\"uagb-container-inner-blocks-wrap\">\n<div class=\"wp-block-uagb-advanced-heading uagb-block-c6b11d32\"><h6 class=\"uagb-heading-text\">Qasja jon\u00eb<\/h6><\/div>\n\n\n\n<div class=\"wp-block-uagb-advanced-heading uagb-block-4bef74f1\"><h2 class=\"uagb-heading-text\">Qasja jon\u00eb ndaj ruajtjes s\u00eb kultur\u00ebs<\/h2><\/div>\n\n\n\n<div class=\"wp-block-uagb-container uagb-block-c3af8e7b\">\n<div class=\"wp-block-uagb-container uagb-block-1f437655\">\n<div class=\"wp-block-uagb-advanced-heading uagb-block-0c02a7b6\"><h4 class=\"uagb-heading-text\">Angazhimi i Komunitetit<\/h4><p class=\"uagb-desc-text\">Ne p\u00ebrfshijm\u00eb n\u00eb m\u00ebnyr\u00eb aktive komunitetet lokale n\u00eb projektet tona, duke siguruar q\u00eb z\u00ebrat dhe traditat e tyre t\u00eb respektohen dhe d\u00ebgjohen.<\/p><\/div>\n<\/div>\n\n\n\n<div class=\"wp-block-uagb-container uagb-block-5b0fca3b\">\n<div class=\"wp-block-uagb-advanced-heading uagb-block-2d293cdd\"><h4 class=\"uagb-heading-text\">Edukimi i t\u00eb Rinjve<\/h4><p class=\"uagb-desc-text\">Ne p\u00ebrpiqemi t\u00eb krijojm\u00eb nj\u00eb ndjenj\u00eb krenarie dhe p\u00ebrgjegj\u00ebsie tek t\u00eb rinjt\u00eb, ndaj trash\u00ebgimis\u00eb s\u00eb tyre kulturore.<\/p><\/div>\n<\/div>\n<\/div>\n<\/div><\/div>\n\n\n\n<div class=\"wp-block-uagb-container uagb-block-0d6e6fa5 alignfull uagb-is-root-container\"><div class=\"uagb-container-inner-blocks-wrap\">\n<div class=\"wp-block-uagb-advanced-heading uagb-block-b6d5ed16\"><h6 class=\"uagb-heading-text\">Q\u00ebndroni t\u00eb lidhur me ne<\/h6><\/div>\n\n\n\n<div class=\"wp-block-uagb-info-box uagb-block-a3aa2356 uagb-infobox__content-wrap  uagb-infobox-icon-above-title uagb-infobox-image-valign-top\"><div class=\"uagb-ifb-content\"><div class=\"uagb-ifb-title-wrap\"><h2 class=\"uagb-ifb-title\">Bashkohuni Misionin Ton\u00eb me Q\u00ebllim Ruajtjen e Kultur\u00ebs dhe Edukimit<\/h2><\/div><div class=\"uagb-ifb-button-wrapper wp-block-button\"><a href=\"\/sq\/contact\/\" class=\"uagb-infobox-cta-link wp-block-button__link\" target=\"_self\" rel=\"noopener noreferrer\" onclick=\"return true;\" alt=\"\"><span class=\"uagb-inline-editing\">Zbuloni m\u00eb shum\u00eb<\/span><\/a><\/div><\/div><\/div>\n<\/div><\/div>","protected":false},"excerpt":{"rendered":"<p>About us Committed to Preserving Albanian Cultural Tradition Through Art and Literature Our Story Learn About Our Cultural Preservation Mission Center for Tradition Art Books (CTAB) is an Albanian NPO, founded on February 2019, dedicated to the preservation and promotion of cultural heritage, tradition, art, and literature in Albania. CTAB has completed projects with international [&hellip;]<\/p>\n","protected":false},"author":1,"featured_media":0,"parent":0,"menu_order":0,"comment_status":"closed","ping_status":"closed","template":"","meta":{"_uag_custom_page_level_css":"","site-sidebar-layout":"no-sidebar","site-content-layout":"page-builder","ast-site-content-layout":"full-width-container","site-content-style":"unboxed","site-sidebar-style":"unboxed","ast-global-header-display":"","ast-banner-title-visibility":"","ast-main-header-display":"","ast-hfb-above-header-display":"","ast-hfb-below-header-display":"","ast-hfb-mobile-header-display":"","site-post-title":"disabled","ast-breadcrumbs-content":"","ast-featured-img":"","footer-sml-layout":"","ast-disable-related-posts":"","theme-transparent-header-meta":"enabled","adv-header-id-meta":"","stick-header-meta":"","header-above-stick-meta":"","header-main-stick-meta":"","header-below-stick-meta":"","astra-migrate-meta-layouts":"set","ast-page-background-enabled":"default","ast-page-background-meta":{"desktop":{"background-color":"var(--ast-global-color-4)","background-image":"","background-repeat":"repeat","background-position":"center center","background-size":"auto","background-attachment":"scroll","background-type":"","background-media":"","overlay-type":"","overlay-color":"","overlay-opacity":"","overlay-gradient":""},"tablet":{"background-color":"","background-image":"","background-repeat":"repeat","background-position":"center center","background-size":"auto","background-attachment":"scroll","background-type":"","background-media":"","overlay-type":"","overlay-color":"","overlay-opacity":"","overlay-gradient":""},"mobile":{"background-color":"","background-image":"","background-repeat":"repeat","background-position":"center center","background-size":"auto","background-attachment":"scroll","background-type":"","background-media":"","overlay-type":"","overlay-color":"","overlay-opacity":"","overlay-gradient":""}},"ast-content-background-meta":{"desktop":{"background-color":"var(--ast-global-color-5)","background-image":"","background-repeat":"repeat","background-position":"center center","background-size":"auto","background-attachment":"scroll","background-type":"","background-media":"","overlay-type":"","overlay-color":"","overlay-opacity":"","overlay-gradient":""},"tablet":{"background-color":"var(--ast-global-color-5)","background-image":"","background-repeat":"repeat","background-position":"center center","background-size":"auto","background-attachment":"scroll","background-type":"","background-media":"","overlay-type":"","overlay-color":"","overlay-opacity":"","overlay-gradient":""},"mobile":{"background-color":"var(--ast-global-color-5)","background-image":"","background-repeat":"repeat","background-position":"center center","background-size":"auto","background-attachment":"scroll","background-type":"","background-media":"","overlay-type":"","overlay-color":"","overlay-opacity":"","overlay-gradient":""}},"footnotes":""},"class_list":["post-34","page","type-page","status-publish","hentry"],"uagb_featured_image_src":{"full":false,"thumbnail":false,"medium":false,"medium_large":false,"large":false,"1536x1536":false,"2048x2048":false,"trp-custom-language-flag":false},"uagb_author_info":{"display_name":"qtal","author_link":"https:\/\/qtal.institute\/sq\/author\/qtal\/"},"uagb_comment_info":0,"uagb_excerpt":"About us Committed to Preserving Albanian Cultural Tradition Through Art and Literature Our Story Learn About Our Cultural Preservation Mission Center for Tradition Art Books (CTAB) is an Albanian NPO, founded on February 2019, dedicated to the preservation and promotion of cultural heritage, tradition, art, and literature in Albania. CTAB has completed projects with international&hellip;","_links":{"self":[{"href":"https:\/\/qtal.institute\/sq\/wp-json\/wp\/v2\/pages\/34","targetHints":{"allow":["GET"]}}],"collection":[{"href":"https:\/\/qtal.institute\/sq\/wp-json\/wp\/v2\/pages"}],"about":[{"href":"https:\/\/qtal.institute\/sq\/wp-json\/wp\/v2\/types\/page"}],"author":[{"embeddable":true,"href":"https:\/\/qtal.institute\/sq\/wp-json\/wp\/v2\/users\/1"}],"replies":[{"embeddable":true,"href":"https:\/\/qtal.institute\/sq\/wp-json\/wp\/v2\/comments?post=34"}],"version-history":[{"count":5,"href":"https:\/\/qtal.institute\/sq\/wp-json\/wp\/v2\/pages\/34\/revisions"}],"predecessor-version":[{"id":1500,"href":"https:\/\/qtal.institute\/sq\/wp-json\/wp\/v2\/pages\/34\/revisions\/1500"}],"wp:attachment":[{"href":"https:\/\/qtal.institute\/sq\/wp-json\/wp\/v2\/media?parent=34"}],"curies":[{"name":"wp","href":"https:\/\/api.w.org\/{rel}","templated":true}]}}