{"id":35,"date":"2023-07-11T09:14:49","date_gmt":"2023-07-11T09:14:49","guid":{"rendered":"https:\/\/qtal.institute\/offerings\/"},"modified":"2024-11-21T22:55:08","modified_gmt":"2024-11-21T22:55:08","slug":"offerings","status":"publish","type":"page","link":"https:\/\/qtal.institute\/sq\/offerings\/","title":{"rendered":"Veprimtari"},"content":{"rendered":"<div class=\"wp-block-uagb-container uag-blocks-common-selector uagb-block-7024acc2 alignfull uagb-is-root-container\"><div class=\"uagb-container-inner-blocks-wrap\">\n<div class=\"wp-block-uagb-advanced-heading uagb-block-d3471cec\"><h6 class=\"uagb-heading-text\">veprimtaria<\/h6><\/div>\n\n\n\n<div class=\"wp-block-uagb-advanced-heading uagb-block-5f060e33\"><h1 class=\"uagb-heading-text\">Zbuloni Veprimtarin\u00eb ton\u00eb<\/h1><\/div>\n<\/div><\/div>\n\n\n\n<figure class=\"wp-block-image\"><img decoding=\"async\" src=\"blob:https:\/\/qtal.institute\/edf6d497-c718-49a6-ba70-ae52b2f1f459\" alt=\"\"\/><\/figure>\n\n\n\n<div class=\"wp-block-uagb-container uagb-block-7449c9bf alignfull uagb-is-root-container\"><div class=\"uagb-container-inner-blocks-wrap\">\n<ul class=\"wp-block-list\">\n<li><\/li>\n<\/ul>\n\n\n\n<div class=\"wp-block-uagb-container uagb-block-947592b1 alignfull uagb-is-root-container\"><div class=\"uagb-container-inner-blocks-wrap\">\n<figure class=\"wp-block-image alignright size-full\"><img fetchpriority=\"high\" decoding=\"async\" width=\"938\" height=\"631\" src=\"https:\/\/qtal.institute\/wp-content\/uploads\/2024\/02\/skulpture-dea-1.png\" alt=\"\" class=\"wp-image-1531\" srcset=\"https:\/\/qtal.institute\/wp-content\/uploads\/2024\/02\/skulpture-dea-1.png 938w, https:\/\/qtal.institute\/wp-content\/uploads\/2024\/02\/skulpture-dea-1-300x202.png 300w, https:\/\/qtal.institute\/wp-content\/uploads\/2024\/02\/skulpture-dea-1-768x517.png 768w\" sizes=\"(max-width: 938px) 100vw, 938px\" \/><\/figure>\n<\/div><\/div>\n\n\n\n<h2 class=\"wp-block-heading has-text-align-center has-ast-global-color-1-color has-ast-global-color-6-background-color has-text-color has-background has-link-color has-medium-font-size wp-elements-096142d1536f91d385c83b6526a4dadb\" style=\"text-transform:uppercase\"><strong>Disa nga aktivitetet dhe projektet tona t\u00eb p\u00ebrfunduara<\/strong><\/h2>\n\n\n\n<div class=\"wp-block-group is-layout-constrained wp-block-group-is-layout-constrained\">\n<ul style=\"margin-top:0;margin-right:0;margin-bottom:0;margin-left:0\" class=\"wp-block-list\">\n<li>2019: Projekti me OST - Botimi i librit \"Historia e Mendimit Shqiptar\", me autor Ndri\u00e7im Kulla<\/li>\n\n\n\n<li>2019: Projekti Janusz Korczak n\u00eb bashk\u00ebpunim me Institutin Polak t\u00eb Librit - Promovimi i librit \"Falimenti i Xhekut t\u00eb vog\u00ebl\" <\/li>\n\n\n\n<li>2020: Projekti me Lajthiza Invest - Botimi i Albumit Albanalogjik (Prof. Avv. Ing. Sazan Guri)<\/li>\n\n\n\n<li>2020: Projekt me Bashkin\u00eb Roskovec- Pajisje e Bibliotek\u00ebs s\u00eb Bashkis\u00eb Roskovec <\/li>\n\n\n\n<li>2021: Projekti me Seroha Cooperation - Projekti \u2018Rr\u00ebfenjat Kineze\u2019<\/li>\n\n\n\n<li>2021: Projekti me QKKS Lushnje - Promovimi i Vepr\u00ebs s\u00eb Poetit Faslli Haliti<\/li>\n\n\n\n<li>2021: Promovim n\u00eb Prishtin\u00eb - Projekti me Artini, Promovimi i librit Enciklopedia dyv\u00ebllim\u00ebshe \u2018Epiri dhe Iliria\u2019 (Prof. Avv. Ing. Sazan Guri)<\/li>\n\n\n\n<li>2021: Projekt me Alsar - Promovimi i librit 'Kullat e Sahatit n\u00eb Shqip\u00ebri', Biblioteka \u2018Vexhi Buharaja\u2019 Berat<\/li>\n\n\n\n<li>2021: Promovim tek Qendra Muzeale Berat - Promovim n\u00eb Muzeun \u2018Solomon\u2019 Berat me \nFondacionin \u2018Gasmen Toska\u2019<\/li>\n\n\n\n<li>2021: Promovimi i librit 'F\u00ebmij\u00ebt Autik\u00eb' i autores Alberita Krasniqi<\/li>\n\n\n\n<li>2021: Promovimi i librit 'Uni dhe Psikopolitika' i autorit Xhevair Lleshi, n\u00eb bashk\u00ebpunim me IETT (Instituti i Edukimit, Trash\u00ebgimis\u00eb dhe Turizmit)<\/li>\n\n\n\n<li>2021: Promovimi i librit 'Kartela T\u00eb Realizmit T\u00eb D\u00ebnuar' nga autori Visar Zhiti, me Bibliotek\u00ebn \u2018Vexhi Buharaja\u2019 Berat.<\/li>\n\n\n\n<li>2021 \u2013 2022: Projekti me Bota Ruse - Botimi i metod\u00ebs s\u00eb gjuh\u00ebs ruse p\u00ebr Shqiptar\u00ebt<\/li>\n\n\n\n<li>2021 \u2013 2023: Projekti me Ambasad\u00ebn Amerikane -'The English Access \u2013 Microscholarship Program'<\/li>\n\n\n\n<li>2022: Projekti 'English Learning Course' <\/li>\n\n\n\n<li>2022: Projekti me Bashkin\u00eb Tiran\u00eb \u2018Tirana - Kryeqyteti Evropian i Rinis\u00eb\u2019: \u2013 Grupet Rinore n\u00eb Veprimtarit\u00eb me Librin<\/li>\n<\/ul>\n<\/div>\n<\/div><\/div>\n\n\n\n<div class=\"wp-block-uagb-container uagb-block-0d6e6fa5 alignfull uagb-is-root-container\"><div class=\"uagb-container-inner-blocks-wrap\">\n<div class=\"wp-block-uagb-advanced-heading uagb-block-b6d5ed16\"><h6 class=\"uagb-heading-text\">Q\u00ebndroni t\u00eb lidhur me ne<\/h6><\/div>\n\n\n\n<div class=\"wp-block-uagb-info-box uagb-block-a3aa2356 uagb-infobox__content-wrap  uagb-infobox-icon-above-title uagb-infobox-image-valign-top\"><div class=\"uagb-ifb-content\"><div class=\"uagb-ifb-title-wrap\"><h2 class=\"uagb-ifb-title\">Bashkohuni Misionin Ton\u00eb me Q\u00ebllim Ruajtjen e Kultur\u00ebs dhe Edukimit<\/h2><\/div><div class=\"uagb-ifb-button-wrapper wp-block-button\"><a href=\"\/sq\/contact\/\" class=\"uagb-infobox-cta-link wp-block-button__link\" target=\"_self\" rel=\"noopener noreferrer\" onclick=\"return true;\" alt=\"\"><span class=\"uagb-inline-editing\">Zbuloni m\u00eb shum\u00eb<\/span><\/a><\/div><\/div><\/div>\n<\/div><\/div>","protected":false},"excerpt":{"rendered":"<p>activities Explore our Activities Some of our activites and completed projects<\/p>","protected":false},"author":1,"featured_media":0,"parent":0,"menu_order":0,"comment_status":"closed","ping_status":"closed","template":"","meta":{"_uag_custom_page_level_css":"","site-sidebar-layout":"no-sidebar","site-content-layout":"page-builder","ast-site-content-layout":"full-width-container","site-content-style":"unboxed","site-sidebar-style":"unboxed","ast-global-header-display":"","ast-banner-title-visibility":"","ast-main-header-display":"","ast-hfb-above-header-display":"","ast-hfb-below-header-display":"","ast-hfb-mobile-header-display":"","site-post-title":"disabled","ast-breadcrumbs-content":"","ast-featured-img":"","footer-sml-layout":"","ast-disable-related-posts":"","theme-transparent-header-meta":"enabled","adv-header-id-meta":"","stick-header-meta":"","header-above-stick-meta":"","header-main-stick-meta":"","header-below-stick-meta":"","astra-migrate-meta-layouts":"set","ast-page-background-enabled":"default","ast-page-background-meta":{"desktop":{"background-color":"var(--ast-global-color-4)","background-image":"","background-repeat":"repeat","background-position":"center center","background-size":"auto","background-attachment":"scroll","background-type":"","background-media":"","overlay-type":"","overlay-color":"","overlay-opacity":"","overlay-gradient":""},"tablet":{"background-color":"","background-image":"","background-repeat":"repeat","background-position":"center center","background-size":"auto","background-attachment":"scroll","background-type":"","background-media":"","overlay-type":"","overlay-color":"","overlay-opacity":"","overlay-gradient":""},"mobile":{"background-color":"","background-image":"","background-repeat":"repeat","background-position":"center center","background-size":"auto","background-attachment":"scroll","background-type":"","background-media":"","overlay-type":"","overlay-color":"","overlay-opacity":"","overlay-gradient":""}},"ast-content-background-meta":{"desktop":{"background-color":"var(--ast-global-color-5)","background-image":"","background-repeat":"repeat","background-position":"center center","background-size":"auto","background-attachment":"scroll","background-type":"","background-media":"","overlay-type":"","overlay-color":"","overlay-opacity":"","overlay-gradient":""},"tablet":{"background-color":"var(--ast-global-color-5)","background-image":"","background-repeat":"repeat","background-position":"center center","background-size":"auto","background-attachment":"scroll","background-type":"","background-media":"","overlay-type":"","overlay-color":"","overlay-opacity":"","overlay-gradient":""},"mobile":{"background-color":"var(--ast-global-color-5)","background-image":"","background-repeat":"repeat","background-position":"center center","background-size":"auto","background-attachment":"scroll","background-type":"","background-media":"","overlay-type":"","overlay-color":"","overlay-opacity":"","overlay-gradient":""}},"footnotes":""},"class_list":["post-35","page","type-page","status-publish","hentry"],"uagb_featured_image_src":{"full":false,"thumbnail":false,"medium":false,"medium_large":false,"large":false,"1536x1536":false,"2048x2048":false,"trp-custom-language-flag":false},"uagb_author_info":{"display_name":"qtal","author_link":"https:\/\/qtal.institute\/sq\/author\/qtal\/"},"uagb_comment_info":0,"uagb_excerpt":"activities Explore our Activities Some of our activites and completed projects","_links":{"self":[{"href":"https:\/\/qtal.institute\/sq\/wp-json\/wp\/v2\/pages\/35","targetHints":{"allow":["GET"]}}],"collection":[{"href":"https:\/\/qtal.institute\/sq\/wp-json\/wp\/v2\/pages"}],"about":[{"href":"https:\/\/qtal.institute\/sq\/wp-json\/wp\/v2\/types\/page"}],"author":[{"embeddable":true,"href":"https:\/\/qtal.institute\/sq\/wp-json\/wp\/v2\/users\/1"}],"replies":[{"embeddable":true,"href":"https:\/\/qtal.institute\/sq\/wp-json\/wp\/v2\/comments?post=35"}],"version-history":[{"count":16,"href":"https:\/\/qtal.institute\/sq\/wp-json\/wp\/v2\/pages\/35\/revisions"}],"predecessor-version":[{"id":1557,"href":"https:\/\/qtal.institute\/sq\/wp-json\/wp\/v2\/pages\/35\/revisions\/1557"}],"wp:attachment":[{"href":"https:\/\/qtal.institute\/sq\/wp-json\/wp\/v2\/media?parent=35"}],"curies":[{"name":"wp","href":"https:\/\/api.w.org\/{rel}","templated":true}]}}